{"id":1845,"date":"2022-10-14T17:33:56","date_gmt":"2022-10-14T14:33:56","guid":{"rendered":"http:\/\/jyvaskylansalonkiorkesteri.net\/login\/"},"modified":"2022-10-23T10:50:33","modified_gmt":"2022-10-23T07:50:33","slug":"login","status":"publish","type":"page","link":"https:\/\/jyvaskylansalonkiorkesteri.net\/en\/login\/","title":{"rendered":"Kirjaudu"},"content":{"rendered":"<div class=\"um um-login um-1841\">\n\t<div class=\"um-form\">\n\t\t<form method=\"post\" action=\"\" autocomplete=\"off\" data-trp-original-action=\"\">\n\t\t\t<div class=\"um-row _um_row_1\" style=\"margin: 0 0 30px 0;\"><div class=\"um-col-1\"><div  id=\"um_field_1841_username\" class=\"um-field um-field-text  um-field-username um-field-text um-field-type_text\" data-key=\"username\"><div class=\"um-field-label\"><label for=\"username-1841\">K\u00e4ytt\u00e4j\u00e4tunnus tai s\u00e4hk\u00f6posti \/ Username or E-mail<\/label><div class=\"um-clear\"><\/div><\/div><div class=\"um-field-area\"><input  autocomplete=\"off\" class=\"um-form-field valid\" type=\"text\" name=\"username-1841\" id=\"username-1841\" value=\"\" placeholder=\"\" data-validate=\"unique_username_or_email\" data-key=\"username\"  aria-invalid=\"false\" \/>\n\n\t\t\t\t\t\t<\/div><\/div><div  id=\"um_field_1841_user_password\" class=\"um-field um-field-password  um-field-user_password um-field-password um-field-type_password\" data-key=\"user_password\"><div class=\"um-field-label\"><label for=\"user_password-1841\">Salasana \/ Password<\/label><div class=\"um-clear\"><\/div><\/div><div class=\"um-field-area\"><input class=\"um-form-field valid\" type=\"password\" name=\"user_password-1841\" id=\"user_password-1841\" value=\"\" placeholder=\"\" data-validate=\"\" data-key=\"user_password\"  aria-invalid=\"false\" \/>\n\n\t\t\t\t\t\t\t<\/div><\/div><\/div><\/div>\t\t<input type=\"hidden\" name=\"form_id\" id=\"form_id_1841\" value=\"1841\" \/>\n\t\n\t<p class=\"um_request_name\">\n\t\t<label for=\"um_request_1841\">Only fill in if you are not human<\/label>\n\t\t<input type=\"hidden\" name=\"um_request\" id=\"um_request_1841\" class=\"input\" value=\"\" size=\"25\" autocomplete=\"off\" \/>\n\t<\/p>\n\n\t<input type=\"hidden\" id=\"_wpnonce\" name=\"_wpnonce\" value=\"7b326eab5f\" \/><input type=\"hidden\" name=\"_wp_http_referer\" value=\"\/en\/wp-json\/wp\/v2\/pages\/1845\" \/>\n\t<div class=\"um-col-alt\">\n\n\t\t\n\n\t\t\t<div class=\"um-field um-field-c\">\n\t\t\t\t<div class=\"um-field-area\">\n\t\t\t\t\t<label class=\"um-field-checkbox\">\n\t\t\t\t\t\t<input type=\"checkbox\" name=\"rememberme\" value=\"1\"  \/>\n\t\t\t\t\t\t<span class=\"um-field-checkbox-state\"><i class=\"um-icon-android-checkbox-outline-blank\"><\/i><\/span>\n\t\t\t\t\t\t<span class=\"um-field-checkbox-option\"> Keep me signed in<\/span>\n\t\t\t\t\t<\/label>\n\t\t\t\t<\/div>\n\t\t\t<\/div>\n\n\t\t\t\t\t\t<div class=\"um-clear\"><\/div>\n\t\t\n\t\t\t<div class=\"um-left um-half\">\n\t\t\t\t<input type=\"submit\" value=\"Login\" class=\"um-button\" id=\"um-submit-btn\" \/>\n\t\t\t<\/div>\n\t\t\t<div class=\"um-right um-half\">\n\t\t\t\t<a href=\"https:\/\/jyvaskylansalonkiorkesteri.net\/en\/?page_id=1846\" class=\"um-button um-alt\">\n\t\t\t\t\tRegister\t\t\t\t<\/a>\n\t\t\t<\/div>\n\n\t\t\n\t\t<div class=\"um-clear\"><\/div>\n\n\t<\/div>\n\n\t\n\t<div class=\"um-col-alt-b\">\n\t\t<a href=\"https:\/\/jyvaskylansalonkiorkesteri.net\/en\/password-reset\/\" class=\"um-link-alt\">\n\t\t\tForgot your password?\t\t<\/a>\n\t<\/div>\n\n\t\t\t<input type=\"hidden\" name=\"trp-form-language\" value=\"en\"\/><\/form>\n\t<\/div>\n<\/div>\n<style>\n\t\t\t.um-1841.um {\n\t\t\tmax-width: 450px;\n\t\t}\n\t\t<\/style>","protected":false},"excerpt":{"rendered":"<div class=\"link-more-container\"><a href=\"https:\/\/jyvaskylansalonkiorkesteri.net\/en\/login\/\" class=\"link-more\" aria-label=\"Continue reading Kirjaudu\">Continue reading&hellip;<\/a><\/div>","protected":false},"author":1,"featured_media":0,"parent":0,"menu_order":0,"comment_status":"closed","ping_status":"closed","template":"templates\/no-intro-header-overlaid-dark.php","meta":{"_acf_changed":false,"_bbp_topic_count":0,"_bbp_reply_count":0,"_bbp_total_topic_count":0,"_bbp_total_reply_count":0,"_bbp_voice_count":0,"_bbp_anonymous_reply_count":0,"_bbp_topic_count_hidden":0,"_bbp_reply_count_hidden":0,"_bbp_forum_subforum_count":0,"footnotes":""},"acf":[],"_links":{"self":[{"href":"https:\/\/jyvaskylansalonkiorkesteri.net\/en\/wp-json\/wp\/v2\/pages\/1845"}],"collection":[{"href":"https:\/\/jyvaskylansalonkiorkesteri.net\/en\/wp-json\/wp\/v2\/pages"}],"about":[{"href":"https:\/\/jyvaskylansalonkiorkesteri.net\/en\/wp-json\/wp\/v2\/types\/page"}],"author":[{"embeddable":true,"href":"https:\/\/jyvaskylansalonkiorkesteri.net\/en\/wp-json\/wp\/v2\/users\/1"}],"replies":[{"embeddable":true,"href":"https:\/\/jyvaskylansalonkiorkesteri.net\/en\/wp-json\/wp\/v2\/comments?post=1845"}],"version-history":[{"count":1,"href":"https:\/\/jyvaskylansalonkiorkesteri.net\/en\/wp-json\/wp\/v2\/pages\/1845\/revisions"}],"predecessor-version":[{"id":1900,"href":"https:\/\/jyvaskylansalonkiorkesteri.net\/en\/wp-json\/wp\/v2\/pages\/1845\/revisions\/1900"}],"wp:attachment":[{"href":"https:\/\/jyvaskylansalonkiorkesteri.net\/en\/wp-json\/wp\/v2\/media?parent=1845"}],"curies":[{"name":"wp","href":"https:\/\/api.w.org\/{rel}","templated":true}]}}